{"id":828,"date":"2026-04-23T12:40:10","date_gmt":"2026-04-23T15:40:10","guid":{"rendered":"https:\/\/medizininstrumental.com.ar\/?post_type=product&#038;p=828"},"modified":"2026-04-23T12:42:46","modified_gmt":"2026-04-23T15:42:46","slug":"kit-de-esterilizacion-manual","status":"publish","type":"product","link":"https:\/\/medizininstrumental.com.ar\/?product=kit-de-esterilizacion-manual","title":{"rendered":"KIT DE ESTERILIZACION MANUAL"},"content":{"rendered":"<h3>DESCRIPCI\u00d3N:<\/h3>\n<p>Kit de Esterilizaci\u00f3n Manual Biolene BL05<br \/>\nEl uso de ampolla de gas esterilizante, es un m\u00e9todo muy simple que puede ser usado en cualquier lugar, y especialmente en condiciones de emergencia, ya que no es necesario contar con conexiones de electricidad, gas natural, aire, etc.,<br \/>\nPermite esterilizar cualquier tipo de material; incluso aquellos que no pueden ser sometidos al vapor en autoclave o el calor.<br \/>\nEl kit contiene:<br \/>\n20 Ampolla de vidrio de 05 cc.<br \/>\n20 Bolsas de polietileno.<br \/>\n20 Precintos.<\/p>\n<h3>PRECIO $182600.<\/h3>\n","protected":false},"excerpt":{"rendered":"<p>DESCRIPCI\u00d3N: Kit de Esterilizaci\u00f3n Manual Biolene BL05 El uso de ampolla de gas esterilizante, es un m\u00e9todo muy simple que puede ser usado en cualquier lugar, y especialmente en condiciones de emergencia, ya que no es necesario contar con conexiones de electricidad, gas natural, aire, etc., Permite esterilizar cualquier tipo de material; incluso aquellos que [&hellip;]<\/p>\n","protected":false},"featured_media":831,"comment_status":"open","ping_status":"closed","template":"","meta":{"_et_pb_use_builder":"","_et_pb_old_content":"","_et_gb_content_width":"","_joinchat":[]},"product_cat":[27,26],"product_tag":[],"class_list":{"0":"post-828","1":"product","2":"type-product","3":"status-publish","4":"has-post-thumbnail","6":"product_cat-productos-de-laboratorio","7":"product_cat-productos-medicos","9":"first","10":"instock","11":"sold-individually","12":"shipping-taxable","13":"purchasable","14":"product-type-simple"},"yoast_head":"<!-- This site is optimized with the Yoast SEO plugin v23.9 - https:\/\/yoast.com\/wordpress\/plugins\/seo\/ -->\n<title>KIT DE ESTERILIZACION MANUAL - Medizin Instrumental<\/title>\n<meta name=\"robots\" content=\"index, follow, max-snippet:-1, max-image-preview:large, max-video-preview:-1\" \/>\n<link rel=\"canonical\" href=\"https:\/\/medizininstrumental.com.ar\/?product=kit-de-esterilizacion-manual\" \/>\n<meta property=\"og:locale\" content=\"es_ES\" \/>\n<meta property=\"og:type\" content=\"article\" \/>\n<meta property=\"og:title\" content=\"KIT DE ESTERILIZACION MANUAL - Medizin Instrumental\" \/>\n<meta property=\"og:description\" content=\"DESCRIPCI\u00d3N: Kit de Esterilizaci\u00f3n Manual Biolene BL05 El uso de ampolla de gas esterilizante, es un m\u00e9todo muy simple que puede ser usado en cualquier lugar, y especialmente en condiciones de emergencia, ya que no es necesario contar con conexiones de electricidad, gas natural, aire, etc., Permite esterilizar cualquier tipo de material; incluso aquellos que [&hellip;]\" \/>\n<meta property=\"og:url\" content=\"https:\/\/medizininstrumental.com.ar\/?product=kit-de-esterilizacion-manual\" \/>\n<meta property=\"og:site_name\" content=\"Medizin Instrumental\" \/>\n<meta property=\"article:modified_time\" content=\"2026-04-23T15:42:46+00:00\" \/>\n<meta property=\"og:image\" content=\"https:\/\/medizininstrumental.com.ar\/wp-content\/uploads\/2026\/04\/ampollas.jpg\" \/>\n\t<meta property=\"og:image:width\" content=\"567\" \/>\n\t<meta property=\"og:image:height\" content=\"566\" \/>\n\t<meta property=\"og:image:type\" content=\"image\/jpeg\" \/>\n<meta name=\"twitter:card\" content=\"summary_large_image\" \/>\n<meta name=\"twitter:label1\" content=\"Tiempo de lectura\" \/>\n\t<meta name=\"twitter:data1\" content=\"1 minuto\" \/>\n<script type=\"application\/ld+json\" class=\"yoast-schema-graph\">{\"@context\":\"https:\/\/schema.org\",\"@graph\":[{\"@type\":\"WebPage\",\"@id\":\"https:\/\/medizininstrumental.com.ar\/?product=kit-de-esterilizacion-manual\",\"url\":\"https:\/\/medizininstrumental.com.ar\/?product=kit-de-esterilizacion-manual\",\"name\":\"KIT DE ESTERILIZACION MANUAL - Medizin Instrumental\",\"isPartOf\":{\"@id\":\"https:\/\/medizininstrumental.com.ar\/#website\"},\"primaryImageOfPage\":{\"@id\":\"https:\/\/medizininstrumental.com.ar\/?product=kit-de-esterilizacion-manual#primaryimage\"},\"image\":{\"@id\":\"https:\/\/medizininstrumental.com.ar\/?product=kit-de-esterilizacion-manual#primaryimage\"},\"thumbnailUrl\":\"https:\/\/medizininstrumental.com.ar\/wp-content\/uploads\/2026\/04\/ampollas.jpg\",\"datePublished\":\"2026-04-23T15:40:10+00:00\",\"dateModified\":\"2026-04-23T15:42:46+00:00\",\"breadcrumb\":{\"@id\":\"https:\/\/medizininstrumental.com.ar\/?product=kit-de-esterilizacion-manual#breadcrumb\"},\"inLanguage\":\"es-AR\",\"potentialAction\":[{\"@type\":\"ReadAction\",\"target\":[\"https:\/\/medizininstrumental.com.ar\/?product=kit-de-esterilizacion-manual\"]}]},{\"@type\":\"ImageObject\",\"inLanguage\":\"es-AR\",\"@id\":\"https:\/\/medizininstrumental.com.ar\/?product=kit-de-esterilizacion-manual#primaryimage\",\"url\":\"https:\/\/medizininstrumental.com.ar\/wp-content\/uploads\/2026\/04\/ampollas.jpg\",\"contentUrl\":\"https:\/\/medizininstrumental.com.ar\/wp-content\/uploads\/2026\/04\/ampollas.jpg\",\"width\":567,\"height\":566},{\"@type\":\"BreadcrumbList\",\"@id\":\"https:\/\/medizininstrumental.com.ar\/?product=kit-de-esterilizacion-manual#breadcrumb\",\"itemListElement\":[{\"@type\":\"ListItem\",\"position\":1,\"name\":\"Inicio\",\"item\":\"https:\/\/medizininstrumental.com.ar\/\"},{\"@type\":\"ListItem\",\"position\":2,\"name\":\"Tienda\",\"item\":\"https:\/\/medizininstrumental.com.ar\/?page_id=21\"},{\"@type\":\"ListItem\",\"position\":3,\"name\":\"KIT DE ESTERILIZACION MANUAL\"}]},{\"@type\":\"WebSite\",\"@id\":\"https:\/\/medizininstrumental.com.ar\/#website\",\"url\":\"https:\/\/medizininstrumental.com.ar\/\",\"name\":\"Medizin Instrumental\",\"description\":\"\",\"potentialAction\":[{\"@type\":\"SearchAction\",\"target\":{\"@type\":\"EntryPoint\",\"urlTemplate\":\"https:\/\/medizininstrumental.com.ar\/?s={search_term_string}\"},\"query-input\":{\"@type\":\"PropertyValueSpecification\",\"valueRequired\":true,\"valueName\":\"search_term_string\"}}],\"inLanguage\":\"es-AR\"}]}<\/script>\n<!-- \/ Yoast SEO plugin. -->","yoast_head_json":{"title":"KIT DE ESTERILIZACION MANUAL - Medizin Instrumental","robots":{"index":"index","follow":"follow","max-snippet":"max-snippet:-1","max-image-preview":"max-image-preview:large","max-video-preview":"max-video-preview:-1"},"canonical":"https:\/\/medizininstrumental.com.ar\/?product=kit-de-esterilizacion-manual","og_locale":"es_ES","og_type":"article","og_title":"KIT DE ESTERILIZACION MANUAL - Medizin Instrumental","og_description":"DESCRIPCI\u00d3N: Kit de Esterilizaci\u00f3n Manual Biolene BL05 El uso de ampolla de gas esterilizante, es un m\u00e9todo muy simple que puede ser usado en cualquier lugar, y especialmente en condiciones de emergencia, ya que no es necesario contar con conexiones de electricidad, gas natural, aire, etc., Permite esterilizar cualquier tipo de material; incluso aquellos que [&hellip;]","og_url":"https:\/\/medizininstrumental.com.ar\/?product=kit-de-esterilizacion-manual","og_site_name":"Medizin Instrumental","article_modified_time":"2026-04-23T15:42:46+00:00","og_image":[{"width":567,"height":566,"url":"https:\/\/medizininstrumental.com.ar\/wp-content\/uploads\/2026\/04\/ampollas.jpg","type":"image\/jpeg"}],"twitter_card":"summary_large_image","twitter_misc":{"Tiempo de lectura":"1 minuto"},"schema":{"@context":"https:\/\/schema.org","@graph":[{"@type":"WebPage","@id":"https:\/\/medizininstrumental.com.ar\/?product=kit-de-esterilizacion-manual","url":"https:\/\/medizininstrumental.com.ar\/?product=kit-de-esterilizacion-manual","name":"KIT DE ESTERILIZACION MANUAL - Medizin Instrumental","isPartOf":{"@id":"https:\/\/medizininstrumental.com.ar\/#website"},"primaryImageOfPage":{"@id":"https:\/\/medizininstrumental.com.ar\/?product=kit-de-esterilizacion-manual#primaryimage"},"image":{"@id":"https:\/\/medizininstrumental.com.ar\/?product=kit-de-esterilizacion-manual#primaryimage"},"thumbnailUrl":"https:\/\/medizininstrumental.com.ar\/wp-content\/uploads\/2026\/04\/ampollas.jpg","datePublished":"2026-04-23T15:40:10+00:00","dateModified":"2026-04-23T15:42:46+00:00","breadcrumb":{"@id":"https:\/\/medizininstrumental.com.ar\/?product=kit-de-esterilizacion-manual#breadcrumb"},"inLanguage":"es-AR","potentialAction":[{"@type":"ReadAction","target":["https:\/\/medizininstrumental.com.ar\/?product=kit-de-esterilizacion-manual"]}]},{"@type":"ImageObject","inLanguage":"es-AR","@id":"https:\/\/medizininstrumental.com.ar\/?product=kit-de-esterilizacion-manual#primaryimage","url":"https:\/\/medizininstrumental.com.ar\/wp-content\/uploads\/2026\/04\/ampollas.jpg","contentUrl":"https:\/\/medizininstrumental.com.ar\/wp-content\/uploads\/2026\/04\/ampollas.jpg","width":567,"height":566},{"@type":"BreadcrumbList","@id":"https:\/\/medizininstrumental.com.ar\/?product=kit-de-esterilizacion-manual#breadcrumb","itemListElement":[{"@type":"ListItem","position":1,"name":"Inicio","item":"https:\/\/medizininstrumental.com.ar\/"},{"@type":"ListItem","position":2,"name":"Tienda","item":"https:\/\/medizininstrumental.com.ar\/?page_id=21"},{"@type":"ListItem","position":3,"name":"KIT DE ESTERILIZACION MANUAL"}]},{"@type":"WebSite","@id":"https:\/\/medizininstrumental.com.ar\/#website","url":"https:\/\/medizininstrumental.com.ar\/","name":"Medizin Instrumental","description":"","potentialAction":[{"@type":"SearchAction","target":{"@type":"EntryPoint","urlTemplate":"https:\/\/medizininstrumental.com.ar\/?s={search_term_string}"},"query-input":{"@type":"PropertyValueSpecification","valueRequired":true,"valueName":"search_term_string"}}],"inLanguage":"es-AR"}]}},"_links":{"self":[{"href":"https:\/\/medizininstrumental.com.ar\/index.php?rest_route=\/wp\/v2\/product\/828","targetHints":{"allow":["GET"]}}],"collection":[{"href":"https:\/\/medizininstrumental.com.ar\/index.php?rest_route=\/wp\/v2\/product"}],"about":[{"href":"https:\/\/medizininstrumental.com.ar\/index.php?rest_route=\/wp\/v2\/types\/product"}],"replies":[{"embeddable":true,"href":"https:\/\/medizininstrumental.com.ar\/index.php?rest_route=%2Fwp%2Fv2%2Fcomments&post=828"}],"wp:featuredmedia":[{"embeddable":true,"href":"https:\/\/medizininstrumental.com.ar\/index.php?rest_route=\/wp\/v2\/media\/831"}],"wp:attachment":[{"href":"https:\/\/medizininstrumental.com.ar\/index.php?rest_route=%2Fwp%2Fv2%2Fmedia&parent=828"}],"wp:term":[{"taxonomy":"product_cat","embeddable":true,"href":"https:\/\/medizininstrumental.com.ar\/index.php?rest_route=%2Fwp%2Fv2%2Fproduct_cat&post=828"},{"taxonomy":"product_tag","embeddable":true,"href":"https:\/\/medizininstrumental.com.ar\/index.php?rest_route=%2Fwp%2Fv2%2Fproduct_tag&post=828"}],"curies":[{"name":"wp","href":"https:\/\/api.w.org\/{rel}","templated":true}]}}