{"id":821,"date":"2026-04-13T09:49:26","date_gmt":"2026-04-13T12:49:26","guid":{"rendered":"https:\/\/medizininstrumental.com.ar\/?post_type=product&#038;p=821"},"modified":"2026-04-13T10:09:47","modified_gmt":"2026-04-13T13:09:47","slug":"estetoscopio-littmann-classic-iii","status":"publish","type":"product","link":"https:\/\/medizininstrumental.com.ar\/?product=estetoscopio-littmann-classic-iii","title":{"rendered":"ESTETOSCOPIO LITTMANN CLASSIC III"},"content":{"rendered":"<h3>DESCRIPCI\u00d3N:<\/h3>\n<h5>Estetoscopio 3M Littmann Classic III Negro.<\/h5>\n<p>Membrana doble cara adulto\/pedi\u00e1trico.<\/p>\n<p>El estetoscopio de referencia para m\u00e9dicos y enfermeros.<\/p>\n<p>Garant\u00eda oficial 3 a\u00f1os.<\/p>\n<h3>PRECIO $ 300000.<\/h3>\n","protected":false},"excerpt":{"rendered":"<p>DESCRIPCI\u00d3N: Estetoscopio 3M Littmann Classic III Negro. Membrana doble cara adulto\/pedi\u00e1trico. El estetoscopio de referencia para m\u00e9dicos y enfermeros. Garant\u00eda oficial 3 a\u00f1os. PRECIO $ 300000.<\/p>\n","protected":false},"featured_media":822,"comment_status":"open","ping_status":"closed","template":"","meta":{"_et_pb_use_builder":"","_et_pb_old_content":"","_et_gb_content_width":"","_joinchat":[]},"product_cat":[26],"product_tag":[],"class_list":{"0":"post-821","1":"product","2":"type-product","3":"status-publish","4":"has-post-thumbnail","6":"product_cat-productos-medicos","8":"first","9":"instock","10":"sold-individually","11":"shipping-taxable","12":"purchasable","13":"product-type-simple"},"yoast_head":"<!-- This site is optimized with the Yoast SEO plugin v23.9 - https:\/\/yoast.com\/wordpress\/plugins\/seo\/ -->\n<title>ESTETOSCOPIO LITTMANN CLASSIC III - Medizin Instrumental<\/title>\n<meta name=\"robots\" content=\"index, follow, max-snippet:-1, max-image-preview:large, max-video-preview:-1\" \/>\n<link rel=\"canonical\" href=\"https:\/\/medizininstrumental.com.ar\/?product=estetoscopio-littmann-classic-iii\" \/>\n<meta property=\"og:locale\" content=\"es_ES\" \/>\n<meta property=\"og:type\" content=\"article\" \/>\n<meta property=\"og:title\" content=\"ESTETOSCOPIO LITTMANN CLASSIC III - Medizin Instrumental\" \/>\n<meta property=\"og:description\" content=\"DESCRIPCI\u00d3N: Estetoscopio 3M Littmann Classic III Negro. Membrana doble cara adulto\/pedi\u00e1trico. El estetoscopio de referencia para m\u00e9dicos y enfermeros. Garant\u00eda oficial 3 a\u00f1os. PRECIO $ 300000.\" \/>\n<meta property=\"og:url\" content=\"https:\/\/medizininstrumental.com.ar\/?product=estetoscopio-littmann-classic-iii\" \/>\n<meta property=\"og:site_name\" content=\"Medizin Instrumental\" \/>\n<meta property=\"article:modified_time\" content=\"2026-04-13T13:09:47+00:00\" \/>\n<meta property=\"og:image\" content=\"https:\/\/medizininstrumental.com.ar\/wp-content\/uploads\/2026\/04\/Estetoscopio-Littmann-e1776085766778.jpeg\" \/>\n\t<meta property=\"og:image:width\" content=\"650\" \/>\n\t<meta property=\"og:image:height\" content=\"612\" \/>\n\t<meta property=\"og:image:type\" content=\"image\/jpeg\" \/>\n<meta name=\"twitter:card\" content=\"summary_large_image\" \/>\n<meta name=\"twitter:label1\" content=\"Tiempo de lectura\" \/>\n\t<meta name=\"twitter:data1\" content=\"1 minuto\" \/>\n<script type=\"application\/ld+json\" class=\"yoast-schema-graph\">{\"@context\":\"https:\/\/schema.org\",\"@graph\":[{\"@type\":\"WebPage\",\"@id\":\"https:\/\/medizininstrumental.com.ar\/?product=estetoscopio-littmann-classic-iii\",\"url\":\"https:\/\/medizininstrumental.com.ar\/?product=estetoscopio-littmann-classic-iii\",\"name\":\"ESTETOSCOPIO LITTMANN CLASSIC III - Medizin Instrumental\",\"isPartOf\":{\"@id\":\"https:\/\/medizininstrumental.com.ar\/#website\"},\"primaryImageOfPage\":{\"@id\":\"https:\/\/medizininstrumental.com.ar\/?product=estetoscopio-littmann-classic-iii#primaryimage\"},\"image\":{\"@id\":\"https:\/\/medizininstrumental.com.ar\/?product=estetoscopio-littmann-classic-iii#primaryimage\"},\"thumbnailUrl\":\"https:\/\/medizininstrumental.com.ar\/wp-content\/uploads\/2026\/04\/Estetoscopio-Littmann-e1776085766778.jpeg\",\"datePublished\":\"2026-04-13T12:49:26+00:00\",\"dateModified\":\"2026-04-13T13:09:47+00:00\",\"breadcrumb\":{\"@id\":\"https:\/\/medizininstrumental.com.ar\/?product=estetoscopio-littmann-classic-iii#breadcrumb\"},\"inLanguage\":\"es-AR\",\"potentialAction\":[{\"@type\":\"ReadAction\",\"target\":[\"https:\/\/medizininstrumental.com.ar\/?product=estetoscopio-littmann-classic-iii\"]}]},{\"@type\":\"ImageObject\",\"inLanguage\":\"es-AR\",\"@id\":\"https:\/\/medizininstrumental.com.ar\/?product=estetoscopio-littmann-classic-iii#primaryimage\",\"url\":\"https:\/\/medizininstrumental.com.ar\/wp-content\/uploads\/2026\/04\/Estetoscopio-Littmann-e1776085766778.jpeg\",\"contentUrl\":\"https:\/\/medizininstrumental.com.ar\/wp-content\/uploads\/2026\/04\/Estetoscopio-Littmann-e1776085766778.jpeg\",\"width\":650,\"height\":612},{\"@type\":\"BreadcrumbList\",\"@id\":\"https:\/\/medizininstrumental.com.ar\/?product=estetoscopio-littmann-classic-iii#breadcrumb\",\"itemListElement\":[{\"@type\":\"ListItem\",\"position\":1,\"name\":\"Inicio\",\"item\":\"https:\/\/medizininstrumental.com.ar\/\"},{\"@type\":\"ListItem\",\"position\":2,\"name\":\"Tienda\",\"item\":\"https:\/\/medizininstrumental.com.ar\/?page_id=21\"},{\"@type\":\"ListItem\",\"position\":3,\"name\":\"ESTETOSCOPIO LITTMANN CLASSIC III\"}]},{\"@type\":\"WebSite\",\"@id\":\"https:\/\/medizininstrumental.com.ar\/#website\",\"url\":\"https:\/\/medizininstrumental.com.ar\/\",\"name\":\"Medizin Instrumental\",\"description\":\"\",\"potentialAction\":[{\"@type\":\"SearchAction\",\"target\":{\"@type\":\"EntryPoint\",\"urlTemplate\":\"https:\/\/medizininstrumental.com.ar\/?s={search_term_string}\"},\"query-input\":{\"@type\":\"PropertyValueSpecification\",\"valueRequired\":true,\"valueName\":\"search_term_string\"}}],\"inLanguage\":\"es-AR\"}]}<\/script>\n<!-- \/ Yoast SEO plugin. -->","yoast_head_json":{"title":"ESTETOSCOPIO LITTMANN CLASSIC III - Medizin Instrumental","robots":{"index":"index","follow":"follow","max-snippet":"max-snippet:-1","max-image-preview":"max-image-preview:large","max-video-preview":"max-video-preview:-1"},"canonical":"https:\/\/medizininstrumental.com.ar\/?product=estetoscopio-littmann-classic-iii","og_locale":"es_ES","og_type":"article","og_title":"ESTETOSCOPIO LITTMANN CLASSIC III - Medizin Instrumental","og_description":"DESCRIPCI\u00d3N: Estetoscopio 3M Littmann Classic III Negro. Membrana doble cara adulto\/pedi\u00e1trico. El estetoscopio de referencia para m\u00e9dicos y enfermeros. Garant\u00eda oficial 3 a\u00f1os. PRECIO $ 300000.","og_url":"https:\/\/medizininstrumental.com.ar\/?product=estetoscopio-littmann-classic-iii","og_site_name":"Medizin Instrumental","article_modified_time":"2026-04-13T13:09:47+00:00","og_image":[{"width":650,"height":612,"url":"https:\/\/medizininstrumental.com.ar\/wp-content\/uploads\/2026\/04\/Estetoscopio-Littmann-e1776085766778.jpeg","type":"image\/jpeg"}],"twitter_card":"summary_large_image","twitter_misc":{"Tiempo de lectura":"1 minuto"},"schema":{"@context":"https:\/\/schema.org","@graph":[{"@type":"WebPage","@id":"https:\/\/medizininstrumental.com.ar\/?product=estetoscopio-littmann-classic-iii","url":"https:\/\/medizininstrumental.com.ar\/?product=estetoscopio-littmann-classic-iii","name":"ESTETOSCOPIO LITTMANN CLASSIC III - Medizin Instrumental","isPartOf":{"@id":"https:\/\/medizininstrumental.com.ar\/#website"},"primaryImageOfPage":{"@id":"https:\/\/medizininstrumental.com.ar\/?product=estetoscopio-littmann-classic-iii#primaryimage"},"image":{"@id":"https:\/\/medizininstrumental.com.ar\/?product=estetoscopio-littmann-classic-iii#primaryimage"},"thumbnailUrl":"https:\/\/medizininstrumental.com.ar\/wp-content\/uploads\/2026\/04\/Estetoscopio-Littmann-e1776085766778.jpeg","datePublished":"2026-04-13T12:49:26+00:00","dateModified":"2026-04-13T13:09:47+00:00","breadcrumb":{"@id":"https:\/\/medizininstrumental.com.ar\/?product=estetoscopio-littmann-classic-iii#breadcrumb"},"inLanguage":"es-AR","potentialAction":[{"@type":"ReadAction","target":["https:\/\/medizininstrumental.com.ar\/?product=estetoscopio-littmann-classic-iii"]}]},{"@type":"ImageObject","inLanguage":"es-AR","@id":"https:\/\/medizininstrumental.com.ar\/?product=estetoscopio-littmann-classic-iii#primaryimage","url":"https:\/\/medizininstrumental.com.ar\/wp-content\/uploads\/2026\/04\/Estetoscopio-Littmann-e1776085766778.jpeg","contentUrl":"https:\/\/medizininstrumental.com.ar\/wp-content\/uploads\/2026\/04\/Estetoscopio-Littmann-e1776085766778.jpeg","width":650,"height":612},{"@type":"BreadcrumbList","@id":"https:\/\/medizininstrumental.com.ar\/?product=estetoscopio-littmann-classic-iii#breadcrumb","itemListElement":[{"@type":"ListItem","position":1,"name":"Inicio","item":"https:\/\/medizininstrumental.com.ar\/"},{"@type":"ListItem","position":2,"name":"Tienda","item":"https:\/\/medizininstrumental.com.ar\/?page_id=21"},{"@type":"ListItem","position":3,"name":"ESTETOSCOPIO LITTMANN CLASSIC III"}]},{"@type":"WebSite","@id":"https:\/\/medizininstrumental.com.ar\/#website","url":"https:\/\/medizininstrumental.com.ar\/","name":"Medizin Instrumental","description":"","potentialAction":[{"@type":"SearchAction","target":{"@type":"EntryPoint","urlTemplate":"https:\/\/medizininstrumental.com.ar\/?s={search_term_string}"},"query-input":{"@type":"PropertyValueSpecification","valueRequired":true,"valueName":"search_term_string"}}],"inLanguage":"es-AR"}]}},"_links":{"self":[{"href":"https:\/\/medizininstrumental.com.ar\/index.php?rest_route=\/wp\/v2\/product\/821","targetHints":{"allow":["GET"]}}],"collection":[{"href":"https:\/\/medizininstrumental.com.ar\/index.php?rest_route=\/wp\/v2\/product"}],"about":[{"href":"https:\/\/medizininstrumental.com.ar\/index.php?rest_route=\/wp\/v2\/types\/product"}],"replies":[{"embeddable":true,"href":"https:\/\/medizininstrumental.com.ar\/index.php?rest_route=%2Fwp%2Fv2%2Fcomments&post=821"}],"wp:featuredmedia":[{"embeddable":true,"href":"https:\/\/medizininstrumental.com.ar\/index.php?rest_route=\/wp\/v2\/media\/822"}],"wp:attachment":[{"href":"https:\/\/medizininstrumental.com.ar\/index.php?rest_route=%2Fwp%2Fv2%2Fmedia&parent=821"}],"wp:term":[{"taxonomy":"product_cat","embeddable":true,"href":"https:\/\/medizininstrumental.com.ar\/index.php?rest_route=%2Fwp%2Fv2%2Fproduct_cat&post=821"},{"taxonomy":"product_tag","embeddable":true,"href":"https:\/\/medizininstrumental.com.ar\/index.php?rest_route=%2Fwp%2Fv2%2Fproduct_tag&post=821"}],"curies":[{"name":"wp","href":"https:\/\/api.w.org\/{rel}","templated":true}]}}