{"id":680,"date":"2024-04-16T09:17:29","date_gmt":"2024-04-16T12:17:29","guid":{"rendered":"http:\/\/medizininstrumental.com.ar\/?post_type=product&#038;p=680"},"modified":"2026-04-13T10:12:04","modified_gmt":"2026-04-13T13:12:04","slug":"gasa-trozada","status":"publish","type":"product","link":"https:\/\/medizininstrumental.com.ar\/?product=gasa-trozada","title":{"rendered":"GASA TROZADA"},"content":{"rendered":"<h3>DESCRIPCI\u00d3N:<\/h3>\n<ul>\n<li>Gasa Cortada por Kilo, hidr\u00f3fila tubular confeccionada con Hilado de puro algod\u00f3n.<\/li>\n<li>Contenidas en bolsas de polietileno.<\/li>\n<li>No est\u00e9ril.<\/li>\n<li>Tama\u00f1os disponibles 10&#215;10, 15&#215;15, 20&#215;20.<\/li>\n<\/ul>\n<h3>PRECIO $ 14190.<\/h3>\n","protected":false},"excerpt":{"rendered":"<p>DESCRIPCI\u00d3N: Gasa Cortada por Kilo, hidr\u00f3fila tubular confeccionada con Hilado de puro algod\u00f3n. Contenidas en bolsas de polietileno. No est\u00e9ril. Tama\u00f1os disponibles 10&#215;10, 15&#215;15, 20&#215;20. PRECIO $ 14190.<\/p>\n","protected":false},"featured_media":681,"comment_status":"open","ping_status":"closed","template":"","meta":{"_et_pb_use_builder":"","_et_pb_old_content":"","_et_gb_content_width":"","_joinchat":[]},"product_cat":[26],"product_tag":[],"class_list":{"0":"post-680","1":"product","2":"type-product","3":"status-publish","4":"has-post-thumbnail","6":"product_cat-productos-medicos","8":"first","9":"instock","10":"sold-individually","11":"shipping-taxable","12":"purchasable","13":"product-type-simple"},"yoast_head":"<!-- This site is optimized with the Yoast SEO plugin v23.9 - https:\/\/yoast.com\/wordpress\/plugins\/seo\/ -->\n<title>GASA TROZADA - Medizin Instrumental<\/title>\n<meta name=\"robots\" content=\"index, follow, max-snippet:-1, max-image-preview:large, max-video-preview:-1\" \/>\n<link rel=\"canonical\" href=\"https:\/\/medizininstrumental.com.ar\/?product=gasa-trozada\" \/>\n<meta property=\"og:locale\" content=\"es_ES\" \/>\n<meta property=\"og:type\" content=\"article\" \/>\n<meta property=\"og:title\" content=\"GASA TROZADA - Medizin Instrumental\" \/>\n<meta property=\"og:description\" content=\"DESCRIPCI\u00d3N: Gasa Cortada por Kilo, hidr\u00f3fila tubular confeccionada con Hilado de puro algod\u00f3n. Contenidas en bolsas de polietileno. No est\u00e9ril. Tama\u00f1os disponibles 10&#215;10, 15&#215;15, 20&#215;20. PRECIO $ 14190.\" \/>\n<meta property=\"og:url\" content=\"https:\/\/medizininstrumental.com.ar\/?product=gasa-trozada\" \/>\n<meta property=\"og:site_name\" content=\"Medizin Instrumental\" \/>\n<meta property=\"article:modified_time\" content=\"2026-04-13T13:12:04+00:00\" \/>\n<meta property=\"og:image\" content=\"https:\/\/medizininstrumental.com.ar\/wp-content\/uploads\/2024\/04\/GASA-e1776085914709.webp\" \/>\n\t<meta property=\"og:image:width\" content=\"471\" \/>\n\t<meta property=\"og:image:height\" content=\"471\" \/>\n\t<meta property=\"og:image:type\" content=\"image\/webp\" \/>\n<meta name=\"twitter:card\" content=\"summary_large_image\" \/>\n<meta name=\"twitter:label1\" content=\"Tiempo de lectura\" \/>\n\t<meta name=\"twitter:data1\" content=\"1 minuto\" \/>\n<script type=\"application\/ld+json\" class=\"yoast-schema-graph\">{\"@context\":\"https:\/\/schema.org\",\"@graph\":[{\"@type\":\"WebPage\",\"@id\":\"https:\/\/medizininstrumental.com.ar\/?product=gasa-trozada\",\"url\":\"https:\/\/medizininstrumental.com.ar\/?product=gasa-trozada\",\"name\":\"GASA TROZADA - Medizin Instrumental\",\"isPartOf\":{\"@id\":\"https:\/\/medizininstrumental.com.ar\/#website\"},\"primaryImageOfPage\":{\"@id\":\"https:\/\/medizininstrumental.com.ar\/?product=gasa-trozada#primaryimage\"},\"image\":{\"@id\":\"https:\/\/medizininstrumental.com.ar\/?product=gasa-trozada#primaryimage\"},\"thumbnailUrl\":\"https:\/\/medizininstrumental.com.ar\/wp-content\/uploads\/2024\/04\/GASA-e1776085914709.webp\",\"datePublished\":\"2024-04-16T12:17:29+00:00\",\"dateModified\":\"2026-04-13T13:12:04+00:00\",\"breadcrumb\":{\"@id\":\"https:\/\/medizininstrumental.com.ar\/?product=gasa-trozada#breadcrumb\"},\"inLanguage\":\"es-AR\",\"potentialAction\":[{\"@type\":\"ReadAction\",\"target\":[\"https:\/\/medizininstrumental.com.ar\/?product=gasa-trozada\"]}]},{\"@type\":\"ImageObject\",\"inLanguage\":\"es-AR\",\"@id\":\"https:\/\/medizininstrumental.com.ar\/?product=gasa-trozada#primaryimage\",\"url\":\"https:\/\/medizininstrumental.com.ar\/wp-content\/uploads\/2024\/04\/GASA-e1776085914709.webp\",\"contentUrl\":\"https:\/\/medizininstrumental.com.ar\/wp-content\/uploads\/2024\/04\/GASA-e1776085914709.webp\",\"width\":471,\"height\":471},{\"@type\":\"BreadcrumbList\",\"@id\":\"https:\/\/medizininstrumental.com.ar\/?product=gasa-trozada#breadcrumb\",\"itemListElement\":[{\"@type\":\"ListItem\",\"position\":1,\"name\":\"Inicio\",\"item\":\"https:\/\/medizininstrumental.com.ar\/\"},{\"@type\":\"ListItem\",\"position\":2,\"name\":\"Tienda\",\"item\":\"https:\/\/medizininstrumental.com.ar\/?page_id=21\"},{\"@type\":\"ListItem\",\"position\":3,\"name\":\"GASA TROZADA\"}]},{\"@type\":\"WebSite\",\"@id\":\"https:\/\/medizininstrumental.com.ar\/#website\",\"url\":\"https:\/\/medizininstrumental.com.ar\/\",\"name\":\"Medizin Instrumental\",\"description\":\"\",\"potentialAction\":[{\"@type\":\"SearchAction\",\"target\":{\"@type\":\"EntryPoint\",\"urlTemplate\":\"https:\/\/medizininstrumental.com.ar\/?s={search_term_string}\"},\"query-input\":{\"@type\":\"PropertyValueSpecification\",\"valueRequired\":true,\"valueName\":\"search_term_string\"}}],\"inLanguage\":\"es-AR\"}]}<\/script>\n<!-- \/ Yoast SEO plugin. -->","yoast_head_json":{"title":"GASA TROZADA - Medizin Instrumental","robots":{"index":"index","follow":"follow","max-snippet":"max-snippet:-1","max-image-preview":"max-image-preview:large","max-video-preview":"max-video-preview:-1"},"canonical":"https:\/\/medizininstrumental.com.ar\/?product=gasa-trozada","og_locale":"es_ES","og_type":"article","og_title":"GASA TROZADA - Medizin Instrumental","og_description":"DESCRIPCI\u00d3N: Gasa Cortada por Kilo, hidr\u00f3fila tubular confeccionada con Hilado de puro algod\u00f3n. Contenidas en bolsas de polietileno. No est\u00e9ril. Tama\u00f1os disponibles 10&#215;10, 15&#215;15, 20&#215;20. PRECIO $ 14190.","og_url":"https:\/\/medizininstrumental.com.ar\/?product=gasa-trozada","og_site_name":"Medizin Instrumental","article_modified_time":"2026-04-13T13:12:04+00:00","og_image":[{"width":471,"height":471,"url":"https:\/\/medizininstrumental.com.ar\/wp-content\/uploads\/2024\/04\/GASA-e1776085914709.webp","type":"image\/webp"}],"twitter_card":"summary_large_image","twitter_misc":{"Tiempo de lectura":"1 minuto"},"schema":{"@context":"https:\/\/schema.org","@graph":[{"@type":"WebPage","@id":"https:\/\/medizininstrumental.com.ar\/?product=gasa-trozada","url":"https:\/\/medizininstrumental.com.ar\/?product=gasa-trozada","name":"GASA TROZADA - Medizin Instrumental","isPartOf":{"@id":"https:\/\/medizininstrumental.com.ar\/#website"},"primaryImageOfPage":{"@id":"https:\/\/medizininstrumental.com.ar\/?product=gasa-trozada#primaryimage"},"image":{"@id":"https:\/\/medizininstrumental.com.ar\/?product=gasa-trozada#primaryimage"},"thumbnailUrl":"https:\/\/medizininstrumental.com.ar\/wp-content\/uploads\/2024\/04\/GASA-e1776085914709.webp","datePublished":"2024-04-16T12:17:29+00:00","dateModified":"2026-04-13T13:12:04+00:00","breadcrumb":{"@id":"https:\/\/medizininstrumental.com.ar\/?product=gasa-trozada#breadcrumb"},"inLanguage":"es-AR","potentialAction":[{"@type":"ReadAction","target":["https:\/\/medizininstrumental.com.ar\/?product=gasa-trozada"]}]},{"@type":"ImageObject","inLanguage":"es-AR","@id":"https:\/\/medizininstrumental.com.ar\/?product=gasa-trozada#primaryimage","url":"https:\/\/medizininstrumental.com.ar\/wp-content\/uploads\/2024\/04\/GASA-e1776085914709.webp","contentUrl":"https:\/\/medizininstrumental.com.ar\/wp-content\/uploads\/2024\/04\/GASA-e1776085914709.webp","width":471,"height":471},{"@type":"BreadcrumbList","@id":"https:\/\/medizininstrumental.com.ar\/?product=gasa-trozada#breadcrumb","itemListElement":[{"@type":"ListItem","position":1,"name":"Inicio","item":"https:\/\/medizininstrumental.com.ar\/"},{"@type":"ListItem","position":2,"name":"Tienda","item":"https:\/\/medizininstrumental.com.ar\/?page_id=21"},{"@type":"ListItem","position":3,"name":"GASA TROZADA"}]},{"@type":"WebSite","@id":"https:\/\/medizininstrumental.com.ar\/#website","url":"https:\/\/medizininstrumental.com.ar\/","name":"Medizin Instrumental","description":"","potentialAction":[{"@type":"SearchAction","target":{"@type":"EntryPoint","urlTemplate":"https:\/\/medizininstrumental.com.ar\/?s={search_term_string}"},"query-input":{"@type":"PropertyValueSpecification","valueRequired":true,"valueName":"search_term_string"}}],"inLanguage":"es-AR"}]}},"_links":{"self":[{"href":"https:\/\/medizininstrumental.com.ar\/index.php?rest_route=\/wp\/v2\/product\/680","targetHints":{"allow":["GET"]}}],"collection":[{"href":"https:\/\/medizininstrumental.com.ar\/index.php?rest_route=\/wp\/v2\/product"}],"about":[{"href":"https:\/\/medizininstrumental.com.ar\/index.php?rest_route=\/wp\/v2\/types\/product"}],"replies":[{"embeddable":true,"href":"https:\/\/medizininstrumental.com.ar\/index.php?rest_route=%2Fwp%2Fv2%2Fcomments&post=680"}],"wp:featuredmedia":[{"embeddable":true,"href":"https:\/\/medizininstrumental.com.ar\/index.php?rest_route=\/wp\/v2\/media\/681"}],"wp:attachment":[{"href":"https:\/\/medizininstrumental.com.ar\/index.php?rest_route=%2Fwp%2Fv2%2Fmedia&parent=680"}],"wp:term":[{"taxonomy":"product_cat","embeddable":true,"href":"https:\/\/medizininstrumental.com.ar\/index.php?rest_route=%2Fwp%2Fv2%2Fproduct_cat&post=680"},{"taxonomy":"product_tag","embeddable":true,"href":"https:\/\/medizininstrumental.com.ar\/index.php?rest_route=%2Fwp%2Fv2%2Fproduct_tag&post=680"}],"curies":[{"name":"wp","href":"https:\/\/api.w.org\/{rel}","templated":true}]}}