{"id":671,"date":"2024-04-15T12:19:25","date_gmt":"2024-04-15T15:19:25","guid":{"rendered":"http:\/\/medizininstrumental.com.ar\/?post_type=product&#038;p=671"},"modified":"2026-03-11T10:09:07","modified_gmt":"2026-03-11T13:09:07","slug":"cateter-intravenoso-de-teflon","status":"publish","type":"product","link":"https:\/\/medizininstrumental.com.ar\/?product=cateter-intravenoso-de-teflon","title":{"rendered":"CAT\u00c9TER INTRAVENOSO DE TEFL\u00d3N"},"content":{"rendered":"<h3>DESCRIPCI\u00d3N:<\/h3>\n<ul>\n<li>Cat\u00e9ter intravenoso de poliuretano.<\/li>\n<li>Marca &#8220;DEXAL&#8221;<\/li>\n<li>Caja x 100 unidades.<\/li>\n<li>No t\u00f3xico.<\/li>\n<li>Libre de pir\u00f3genos.<\/li>\n<li>N\u00fameros disponibles 16 G, 18 G, 20 G, 22G, 24G.<\/li>\n<\/ul>\n<h3>PRECIO $ 38880.<\/h3>\n","protected":false},"excerpt":{"rendered":"<p>DESCRIPCI\u00d3N: Cat\u00e9ter intravenoso de poliuretano. Marca &#8220;DEXAL&#8221; Caja x 100 unidades. No t\u00f3xico. Libre de pir\u00f3genos. N\u00fameros disponibles 16 G, 18 G, 20 G, 22G, 24G. PRECIO $ 38880.<\/p>\n","protected":false},"featured_media":672,"comment_status":"open","ping_status":"closed","template":"","meta":{"_et_pb_use_builder":"","_et_pb_old_content":"","_et_gb_content_width":"","_joinchat":[]},"product_cat":[26],"product_tag":[],"class_list":{"0":"post-671","1":"product","2":"type-product","3":"status-publish","4":"has-post-thumbnail","6":"product_cat-productos-medicos","8":"first","9":"instock","10":"sold-individually","11":"shipping-taxable","12":"purchasable","13":"product-type-simple"},"yoast_head":"<!-- This site is optimized with the Yoast SEO plugin v23.9 - https:\/\/yoast.com\/wordpress\/plugins\/seo\/ -->\n<title>CAT\u00c9TER INTRAVENOSO DE TEFL\u00d3N - Medizin Instrumental<\/title>\n<meta name=\"robots\" content=\"index, follow, max-snippet:-1, max-image-preview:large, max-video-preview:-1\" \/>\n<link rel=\"canonical\" href=\"https:\/\/medizininstrumental.com.ar\/?product=cateter-intravenoso-de-teflon\" \/>\n<meta property=\"og:locale\" content=\"es_ES\" \/>\n<meta property=\"og:type\" content=\"article\" \/>\n<meta property=\"og:title\" content=\"CAT\u00c9TER INTRAVENOSO DE TEFL\u00d3N - Medizin Instrumental\" \/>\n<meta property=\"og:description\" content=\"DESCRIPCI\u00d3N: Cat\u00e9ter intravenoso de poliuretano. Marca &#8220;DEXAL&#8221; Caja x 100 unidades. No t\u00f3xico. Libre de pir\u00f3genos. N\u00fameros disponibles 16 G, 18 G, 20 G, 22G, 24G. PRECIO $ 38880.\" \/>\n<meta property=\"og:url\" content=\"https:\/\/medizininstrumental.com.ar\/?product=cateter-intravenoso-de-teflon\" \/>\n<meta property=\"og:site_name\" content=\"Medizin Instrumental\" \/>\n<meta property=\"article:modified_time\" content=\"2026-03-11T13:09:07+00:00\" \/>\n<meta property=\"og:image\" content=\"https:\/\/medizininstrumental.com.ar\/wp-content\/uploads\/2024\/04\/CATETER.png\" \/>\n\t<meta property=\"og:image:width\" content=\"480\" \/>\n\t<meta property=\"og:image:height\" content=\"442\" \/>\n\t<meta property=\"og:image:type\" content=\"image\/png\" \/>\n<meta name=\"twitter:card\" content=\"summary_large_image\" \/>\n<meta name=\"twitter:label1\" content=\"Tiempo de lectura\" \/>\n\t<meta name=\"twitter:data1\" content=\"1 minuto\" \/>\n<script type=\"application\/ld+json\" class=\"yoast-schema-graph\">{\"@context\":\"https:\/\/schema.org\",\"@graph\":[{\"@type\":\"WebPage\",\"@id\":\"https:\/\/medizininstrumental.com.ar\/?product=cateter-intravenoso-de-teflon\",\"url\":\"https:\/\/medizininstrumental.com.ar\/?product=cateter-intravenoso-de-teflon\",\"name\":\"CAT\u00c9TER INTRAVENOSO DE TEFL\u00d3N - Medizin Instrumental\",\"isPartOf\":{\"@id\":\"https:\/\/medizininstrumental.com.ar\/#website\"},\"primaryImageOfPage\":{\"@id\":\"https:\/\/medizininstrumental.com.ar\/?product=cateter-intravenoso-de-teflon#primaryimage\"},\"image\":{\"@id\":\"https:\/\/medizininstrumental.com.ar\/?product=cateter-intravenoso-de-teflon#primaryimage\"},\"thumbnailUrl\":\"https:\/\/medizininstrumental.com.ar\/wp-content\/uploads\/2024\/04\/CATETER.png\",\"datePublished\":\"2024-04-15T15:19:25+00:00\",\"dateModified\":\"2026-03-11T13:09:07+00:00\",\"breadcrumb\":{\"@id\":\"https:\/\/medizininstrumental.com.ar\/?product=cateter-intravenoso-de-teflon#breadcrumb\"},\"inLanguage\":\"es-AR\",\"potentialAction\":[{\"@type\":\"ReadAction\",\"target\":[\"https:\/\/medizininstrumental.com.ar\/?product=cateter-intravenoso-de-teflon\"]}]},{\"@type\":\"ImageObject\",\"inLanguage\":\"es-AR\",\"@id\":\"https:\/\/medizininstrumental.com.ar\/?product=cateter-intravenoso-de-teflon#primaryimage\",\"url\":\"https:\/\/medizininstrumental.com.ar\/wp-content\/uploads\/2024\/04\/CATETER.png\",\"contentUrl\":\"https:\/\/medizininstrumental.com.ar\/wp-content\/uploads\/2024\/04\/CATETER.png\",\"width\":480,\"height\":442},{\"@type\":\"BreadcrumbList\",\"@id\":\"https:\/\/medizininstrumental.com.ar\/?product=cateter-intravenoso-de-teflon#breadcrumb\",\"itemListElement\":[{\"@type\":\"ListItem\",\"position\":1,\"name\":\"Inicio\",\"item\":\"https:\/\/medizininstrumental.com.ar\/\"},{\"@type\":\"ListItem\",\"position\":2,\"name\":\"Tienda\",\"item\":\"https:\/\/medizininstrumental.com.ar\/?page_id=21\"},{\"@type\":\"ListItem\",\"position\":3,\"name\":\"CAT\u00c9TER INTRAVENOSO DE TEFL\u00d3N\"}]},{\"@type\":\"WebSite\",\"@id\":\"https:\/\/medizininstrumental.com.ar\/#website\",\"url\":\"https:\/\/medizininstrumental.com.ar\/\",\"name\":\"Medizin Instrumental\",\"description\":\"\",\"potentialAction\":[{\"@type\":\"SearchAction\",\"target\":{\"@type\":\"EntryPoint\",\"urlTemplate\":\"https:\/\/medizininstrumental.com.ar\/?s={search_term_string}\"},\"query-input\":{\"@type\":\"PropertyValueSpecification\",\"valueRequired\":true,\"valueName\":\"search_term_string\"}}],\"inLanguage\":\"es-AR\"}]}<\/script>\n<!-- \/ Yoast SEO plugin. -->","yoast_head_json":{"title":"CAT\u00c9TER INTRAVENOSO DE TEFL\u00d3N - Medizin Instrumental","robots":{"index":"index","follow":"follow","max-snippet":"max-snippet:-1","max-image-preview":"max-image-preview:large","max-video-preview":"max-video-preview:-1"},"canonical":"https:\/\/medizininstrumental.com.ar\/?product=cateter-intravenoso-de-teflon","og_locale":"es_ES","og_type":"article","og_title":"CAT\u00c9TER INTRAVENOSO DE TEFL\u00d3N - Medizin Instrumental","og_description":"DESCRIPCI\u00d3N: Cat\u00e9ter intravenoso de poliuretano. Marca &#8220;DEXAL&#8221; Caja x 100 unidades. No t\u00f3xico. Libre de pir\u00f3genos. N\u00fameros disponibles 16 G, 18 G, 20 G, 22G, 24G. PRECIO $ 38880.","og_url":"https:\/\/medizininstrumental.com.ar\/?product=cateter-intravenoso-de-teflon","og_site_name":"Medizin Instrumental","article_modified_time":"2026-03-11T13:09:07+00:00","og_image":[{"width":480,"height":442,"url":"https:\/\/medizininstrumental.com.ar\/wp-content\/uploads\/2024\/04\/CATETER.png","type":"image\/png"}],"twitter_card":"summary_large_image","twitter_misc":{"Tiempo de lectura":"1 minuto"},"schema":{"@context":"https:\/\/schema.org","@graph":[{"@type":"WebPage","@id":"https:\/\/medizininstrumental.com.ar\/?product=cateter-intravenoso-de-teflon","url":"https:\/\/medizininstrumental.com.ar\/?product=cateter-intravenoso-de-teflon","name":"CAT\u00c9TER INTRAVENOSO DE TEFL\u00d3N - Medizin Instrumental","isPartOf":{"@id":"https:\/\/medizininstrumental.com.ar\/#website"},"primaryImageOfPage":{"@id":"https:\/\/medizininstrumental.com.ar\/?product=cateter-intravenoso-de-teflon#primaryimage"},"image":{"@id":"https:\/\/medizininstrumental.com.ar\/?product=cateter-intravenoso-de-teflon#primaryimage"},"thumbnailUrl":"https:\/\/medizininstrumental.com.ar\/wp-content\/uploads\/2024\/04\/CATETER.png","datePublished":"2024-04-15T15:19:25+00:00","dateModified":"2026-03-11T13:09:07+00:00","breadcrumb":{"@id":"https:\/\/medizininstrumental.com.ar\/?product=cateter-intravenoso-de-teflon#breadcrumb"},"inLanguage":"es-AR","potentialAction":[{"@type":"ReadAction","target":["https:\/\/medizininstrumental.com.ar\/?product=cateter-intravenoso-de-teflon"]}]},{"@type":"ImageObject","inLanguage":"es-AR","@id":"https:\/\/medizininstrumental.com.ar\/?product=cateter-intravenoso-de-teflon#primaryimage","url":"https:\/\/medizininstrumental.com.ar\/wp-content\/uploads\/2024\/04\/CATETER.png","contentUrl":"https:\/\/medizininstrumental.com.ar\/wp-content\/uploads\/2024\/04\/CATETER.png","width":480,"height":442},{"@type":"BreadcrumbList","@id":"https:\/\/medizininstrumental.com.ar\/?product=cateter-intravenoso-de-teflon#breadcrumb","itemListElement":[{"@type":"ListItem","position":1,"name":"Inicio","item":"https:\/\/medizininstrumental.com.ar\/"},{"@type":"ListItem","position":2,"name":"Tienda","item":"https:\/\/medizininstrumental.com.ar\/?page_id=21"},{"@type":"ListItem","position":3,"name":"CAT\u00c9TER INTRAVENOSO DE TEFL\u00d3N"}]},{"@type":"WebSite","@id":"https:\/\/medizininstrumental.com.ar\/#website","url":"https:\/\/medizininstrumental.com.ar\/","name":"Medizin Instrumental","description":"","potentialAction":[{"@type":"SearchAction","target":{"@type":"EntryPoint","urlTemplate":"https:\/\/medizininstrumental.com.ar\/?s={search_term_string}"},"query-input":{"@type":"PropertyValueSpecification","valueRequired":true,"valueName":"search_term_string"}}],"inLanguage":"es-AR"}]}},"_links":{"self":[{"href":"https:\/\/medizininstrumental.com.ar\/index.php?rest_route=\/wp\/v2\/product\/671","targetHints":{"allow":["GET"]}}],"collection":[{"href":"https:\/\/medizininstrumental.com.ar\/index.php?rest_route=\/wp\/v2\/product"}],"about":[{"href":"https:\/\/medizininstrumental.com.ar\/index.php?rest_route=\/wp\/v2\/types\/product"}],"replies":[{"embeddable":true,"href":"https:\/\/medizininstrumental.com.ar\/index.php?rest_route=%2Fwp%2Fv2%2Fcomments&post=671"}],"wp:featuredmedia":[{"embeddable":true,"href":"https:\/\/medizininstrumental.com.ar\/index.php?rest_route=\/wp\/v2\/media\/672"}],"wp:attachment":[{"href":"https:\/\/medizininstrumental.com.ar\/index.php?rest_route=%2Fwp%2Fv2%2Fmedia&parent=671"}],"wp:term":[{"taxonomy":"product_cat","embeddable":true,"href":"https:\/\/medizininstrumental.com.ar\/index.php?rest_route=%2Fwp%2Fv2%2Fproduct_cat&post=671"},{"taxonomy":"product_tag","embeddable":true,"href":"https:\/\/medizininstrumental.com.ar\/index.php?rest_route=%2Fwp%2Fv2%2Fproduct_tag&post=671"}],"curies":[{"name":"wp","href":"https:\/\/api.w.org\/{rel}","templated":true}]}}